{"id":285967,"date":"2024-09-07T11:04:32","date_gmt":"2024-09-07T09:04:32","guid":{"rendered":"https:\/\/visit-philippines.fr\/legals\/"},"modified":"2025-06-17T07:09:28","modified_gmt":"2025-06-17T05:09:28","slug":"legals","status":"publish","type":"page","link":"https:\/\/visit-philippines.fr\/en\/legals\/","title":{"rendered":"Legals"},"content":{"rendered":"<p>[et_pb_section fb_built=&#8221;1&#8243; _builder_version=&#8221;4.27.0&#8243; _module_preset=&#8221;default&#8221; background_enable_color=&#8221;off&#8221; background_image=&#8221;https:\/\/visit-philippines.fr\/wp-content\/uploads\/2024\/08\/boracay-4898723_1280.jpg&#8221; background_enable_video_mp4=&#8221;off&#8221; custom_padding=&#8221;4vw||4vw||true|false&#8221; custom_css_before=&#8221;content:%22%22;|| display: block;|| position: absolute;|| top: 0;|| left: 0;|| width: 100%;|| height: 100%;|| background: linear-gradient(180deg, rgba(0,0,0,0.2) 0%, rgba(0,0,0,0.2) 100%);|| z-index: 5;&#8221; global_colors_info=&#8221;{}&#8221;][et_pb_row _builder_version=&#8221;4.24.2&#8243; _module_preset=&#8221;default&#8221; z_index=&#8221;8&#8243; global_colors_info=&#8221;{}&#8221;][et_pb_column type=&#8221;4_4&#8243; _builder_version=&#8221;4.24.2&#8243; _module_preset=&#8221;default&#8221; global_colors_info=&#8221;{}&#8221;][et_pb_text _builder_version=&#8221;4.27.0&#8243; _module_preset=&#8221;default&#8221; text_text_color=&#8221;#FFFFFF&#8221; header_font=&#8221;&#8211;et_global_heading_font|700|||||||&#8221; header_text_align=&#8221;center&#8221; header_text_color=&#8221;#FFFFFF&#8221; header_font_size=&#8221;70px&#8221; header_line_height=&#8221;1.4em&#8221; hover_enabled=&#8221;0&#8243; header_text_color_tablet=&#8221;#4598F0&#8243; header_text_color_phone=&#8221;#4598F0&#8243; header_text_color_last_edited=&#8221;on|phone&#8221; header_font_size_tablet=&#8221;70px&#8221; header_font_size_phone=&#8221;45px&#8221; header_font_size_last_edited=&#8221;on|phone&#8221; global_colors_info=&#8221;{}&#8221; sticky_enabled=&#8221;0&#8243;]<\/p>\n<h1>Legals<\/h1>\n<p>[\/et_pb_text][\/et_pb_column][\/et_pb_row][\/et_pb_section][et_pb_section fb_built=&#8221;1&#8243; _builder_version=&#8221;4.27.0&#8243; _module_preset=&#8221;default&#8221; background_color=&#8221;#EFF6FE&#8221; background_enable_image=&#8221;off&#8221; background_size=&#8221;initial&#8221; background_position=&#8221;bottom_center&#8221; background_vertical_offset=&#8221;25%&#8221; positioning=&#8221;none&#8221; z_index=&#8221;2&#8243; global_colors_info=&#8221;{}&#8221;][et_pb_row module_id=&#8221;methode-paiements&#8221; _builder_version=&#8221;4.25.2&#8243; _module_preset=&#8221;default&#8221; background_color=&#8221;rgba(255,255,255,0.8)&#8221; width=&#8221;90%&#8221; custom_margin=&#8221;||||true|false&#8221; custom_padding=&#8221;30px|30px|30px|30px|true|true&#8221; animation_style=&#8221;fade&#8221; border_radii=&#8221;on|30px|30px|30px|30px&#8221; locked=&#8221;off&#8221; global_colors_info=&#8221;{}&#8221;][et_pb_column type=&#8221;4_4&#8243; _builder_version=&#8221;4.24.2&#8243; _module_preset=&#8221;default&#8221; global_colors_info=&#8221;{}&#8221;][et_pb_text ol_item_indent=&#8221;30px&#8221; _builder_version=&#8221;4.27.0&#8243; _module_preset=&#8221;default&#8221; text_text_color=&#8221;#000000&#8243; text_font_size=&#8221;16px&#8221; ol_line_height=&#8221;2.4em&#8221; hover_enabled=&#8221;0&#8243; global_colors_info=&#8221;{}&#8221; sticky_enabled=&#8221;0&#8243;]<\/p>\n<div class=\"wpb_text_column wpb_content_element \">\n<div class=\"wpb_wrapper\">\n<h2>Publisher<\/h2>\n<p>The company Eliza les Ailes du Voyage, hereinafter referred to under the trade name &#8220;www.visit-philippines.fr&#8221;, is a French company with a share capital of \u20ac20,596.00. Its registered office is located at 20 Rue Bois Le Vent, 75016 Paris, France. It is registered with the Paris Trade and Companies Register (RCS) under number 432 449 908, SIRET B432 449 908, APE Code 7911Z.<br \/>Financial guarantee provided by A.P.S PARIS.<\/p>\n<p>Financial guarantee provided by A.P.S PARIS.<\/p>\n<p>Professional liability insurance for travel agencies (Article R. 212-14 of the French Tourism Code) with AXA Insurance.<\/p>\n<p>Travel agent license no. LI 075 00 00 56.<\/p>\n<\/div>\n<\/div>\n<p>&nbsp;<\/p>\n<p>[\/et_pb_text][et_pb_text ol_item_indent=&#8221;30px&#8221; _builder_version=&#8221;4.27.0&#8243; _module_preset=&#8221;default&#8221; text_text_color=&#8221;#000000&#8243; text_font_size=&#8221;16px&#8221; ol_line_height=&#8221;2.4em&#8221; hover_enabled=&#8221;0&#8243; global_colors_info=&#8221;{}&#8221; sticky_enabled=&#8221;0&#8243;]<\/p>\n<div class=\"wpb_text_column wpb_content_element \">\n<div class=\"wpb_wrapper\">\n<div class=\"elementor-element elementor-element-b0592ba elementor-widget elementor-widget-heading\" data-id=\"b0592ba\" data-element_type=\"widget\" data-widget_type=\"heading.default\">\n<div class=\"elementor-widget-container\">\n<h2 class=\"elementor-heading-title elementor-size-default\">Design, Development, and Technical Implementation<\/h2>\n<\/div>\n<\/div>\n<div class=\"col-lg-8 col-md-12 bt-content-wrap\">\n<div class=\"article-wrap\">\n<article id=\"post-6037\" class=\"article-page-wrap post-6037 page type-page status-publish hentry\">\n<div class=\"page-content-wrap\">\n<div class=\"elementor elementor-6037\" data-elementor-type=\"wp-page\" data-elementor-id=\"6037\" data-elementor-post-type=\"page\">\n<section class=\"elementor-section elementor-top-section elementor-element elementor-element-3d99e5de elementor-section-boxed elementor-section-height-default elementor-section-height-default\" data-id=\"3d99e5de\" data-element_type=\"section\">\n<div class=\"elementor-container elementor-column-gap-default\">\n<div class=\"elementor-column elementor-col-100 elementor-top-column elementor-element elementor-element-64dcd923\" data-id=\"64dcd923\" data-element_type=\"column\">\n<div class=\"elementor-widget-wrap elementor-element-populated\">\n<div class=\"elementor-element elementor-element-500a432 elementor-widget elementor-widget-text-editor\" data-id=\"500a432\" data-element_type=\"widget\" data-widget_type=\"text-editor.default\">\n<div class=\"elementor-widget-container\">\n<p>Desk Digital \u2013 agence digitale sp\u00e9cialis\u00e9e en cr\u00e9ation de Site internet et Strat\u00e9gie web<br \/>Contact: contact@desk-digital.fr<br \/>Site web : <a href=\"https:\/\/desk-digital.fr\/\">desk-digital.fr<\/a><\/p>\n<\/div>\n<\/div>\n<\/div>\n<\/div>\n<\/div>\n<\/section>\n<\/div>\n<\/div>\n<\/article>\n<\/div>\n<\/div>\n<\/div>\n<\/div>\n<p>[\/et_pb_text][\/et_pb_column][\/et_pb_row][\/et_pb_section]<\/p>\n","protected":false},"excerpt":{"rendered":"<p>Legals Publisher The company Eliza les Ailes du Voyage, hereinafter referred to under the trade name &#8220;www.visit-philippines.fr&#8221;, is a French company with a share capital of \u20ac20,596.00. Its registered office is located at 20 Rue Bois Le Vent, 75016 Paris, France. It is registered with the Paris Trade and Companies Register (RCS) under number 432 [&hellip;]<\/p>\n","protected":false},"author":1,"featured_media":0,"parent":0,"menu_order":0,"comment_status":"closed","ping_status":"closed","template":"","meta":{"_acf_changed":false,"_et_pb_use_builder":"on","_et_pb_old_content":"","_et_gb_content_width":"","footnotes":""},"difl_page_category":[],"class_list":["post-285967","page","type-page","status-publish","hentry"],"acf":[],"yoast_head":"<!-- This site is optimized with the Yoast SEO plugin v24.0 - https:\/\/yoast.com\/wordpress\/plugins\/seo\/ -->\n<title>Legals - Visit Philippines<\/title>\n<meta name=\"robots\" content=\"index, follow, max-snippet:-1, max-image-preview:large, max-video-preview:-1\" \/>\n<link rel=\"canonical\" href=\"https:\/\/visit-philippines.fr\/en\/legals\/\" \/>\n<meta property=\"og:locale\" content=\"en_US\" \/>\n<meta property=\"og:type\" content=\"article\" \/>\n<meta property=\"og:title\" content=\"Legals - Visit Philippines\" \/>\n<meta property=\"og:description\" content=\"Legals Publisher The company Eliza les Ailes du Voyage, hereinafter referred to under the trade name &quot;www.visit-philippines.fr&quot;, is a French company with a share capital of \u20ac20,596.00. Its registered office is located at 20 Rue Bois Le Vent, 75016 Paris, France. It is registered with the Paris Trade and Companies Register (RCS) under number 432 [&hellip;]\" \/>\n<meta property=\"og:url\" content=\"https:\/\/visit-philippines.fr\/en\/legals\/\" \/>\n<meta property=\"og:site_name\" content=\"Visit Philippines\" \/>\n<meta property=\"article:modified_time\" content=\"2025-06-17T05:09:28+00:00\" \/>\n<meta name=\"twitter:card\" content=\"summary_large_image\" \/>\n<script type=\"application\/ld+json\" class=\"yoast-schema-graph\">{\"@context\":\"https:\/\/schema.org\",\"@graph\":[{\"@type\":\"WebPage\",\"@id\":\"https:\/\/visit-philippines.fr\/en\/legals\/\",\"url\":\"https:\/\/visit-philippines.fr\/en\/legals\/\",\"name\":\"Legals - Visit Philippines\",\"isPartOf\":{\"@id\":\"https:\/\/visit-philippines.fr\/en\/#website\"},\"datePublished\":\"2024-09-07T09:04:32+00:00\",\"dateModified\":\"2025-06-17T05:09:28+00:00\",\"breadcrumb\":{\"@id\":\"https:\/\/visit-philippines.fr\/en\/legals\/#breadcrumb\"},\"inLanguage\":\"en-US\",\"potentialAction\":[{\"@type\":\"ReadAction\",\"target\":[\"https:\/\/visit-philippines.fr\/en\/legals\/\"]}]},{\"@type\":\"BreadcrumbList\",\"@id\":\"https:\/\/visit-philippines.fr\/en\/legals\/#breadcrumb\",\"itemListElement\":[{\"@type\":\"ListItem\",\"position\":1,\"name\":\"Home\",\"item\":\"https:\/\/visit-philippines.fr\/en\/\"},{\"@type\":\"ListItem\",\"position\":2,\"name\":\"Legals\"}]},{\"@type\":\"WebSite\",\"@id\":\"https:\/\/visit-philippines.fr\/en\/#website\",\"url\":\"https:\/\/visit-philippines.fr\/en\/\",\"name\":\"Visit Philippines\",\"description\":\"Brand of Eliza les Ailes du Voyage\",\"publisher\":{\"@id\":\"https:\/\/visit-philippines.fr\/en\/#organization\"},\"potentialAction\":[{\"@type\":\"SearchAction\",\"target\":{\"@type\":\"EntryPoint\",\"urlTemplate\":\"https:\/\/visit-philippines.fr\/en\/?s={search_term_string}\"},\"query-input\":{\"@type\":\"PropertyValueSpecification\",\"valueRequired\":true,\"valueName\":\"search_term_string\"}}],\"inLanguage\":\"en-US\"},{\"@type\":\"Organization\",\"@id\":\"https:\/\/visit-philippines.fr\/en\/#organization\",\"name\":\"Visit Philippines\",\"url\":\"https:\/\/visit-philippines.fr\/en\/\",\"logo\":{\"@type\":\"ImageObject\",\"inLanguage\":\"en-US\",\"@id\":\"https:\/\/visit-philippines.fr\/en\/#\/schema\/logo\/image\/\",\"url\":\"https:\/\/visit-philippines.fr\/wp-content\/uploads\/2024\/03\/logo-visit-philippines.svg\",\"contentUrl\":\"https:\/\/visit-philippines.fr\/wp-content\/uploads\/2024\/03\/logo-visit-philippines.svg\",\"width\":1,\"height\":1,\"caption\":\"Visit Philippines\"},\"image\":{\"@id\":\"https:\/\/visit-philippines.fr\/en\/#\/schema\/logo\/image\/\"}}]}<\/script>\n<!-- \/ Yoast SEO plugin. -->","yoast_head_json":{"title":"Legals - Visit Philippines","robots":{"index":"index","follow":"follow","max-snippet":"max-snippet:-1","max-image-preview":"max-image-preview:large","max-video-preview":"max-video-preview:-1"},"canonical":"https:\/\/visit-philippines.fr\/en\/legals\/","og_locale":"en_US","og_type":"article","og_title":"Legals - Visit Philippines","og_description":"Legals Publisher The company Eliza les Ailes du Voyage, hereinafter referred to under the trade name \"www.visit-philippines.fr\", is a French company with a share capital of \u20ac20,596.00. Its registered office is located at 20 Rue Bois Le Vent, 75016 Paris, France. It is registered with the Paris Trade and Companies Register (RCS) under number 432 [&hellip;]","og_url":"https:\/\/visit-philippines.fr\/en\/legals\/","og_site_name":"Visit Philippines","article_modified_time":"2025-06-17T05:09:28+00:00","twitter_card":"summary_large_image","schema":{"@context":"https:\/\/schema.org","@graph":[{"@type":"WebPage","@id":"https:\/\/visit-philippines.fr\/en\/legals\/","url":"https:\/\/visit-philippines.fr\/en\/legals\/","name":"Legals - Visit Philippines","isPartOf":{"@id":"https:\/\/visit-philippines.fr\/en\/#website"},"datePublished":"2024-09-07T09:04:32+00:00","dateModified":"2025-06-17T05:09:28+00:00","breadcrumb":{"@id":"https:\/\/visit-philippines.fr\/en\/legals\/#breadcrumb"},"inLanguage":"en-US","potentialAction":[{"@type":"ReadAction","target":["https:\/\/visit-philippines.fr\/en\/legals\/"]}]},{"@type":"BreadcrumbList","@id":"https:\/\/visit-philippines.fr\/en\/legals\/#breadcrumb","itemListElement":[{"@type":"ListItem","position":1,"name":"Home","item":"https:\/\/visit-philippines.fr\/en\/"},{"@type":"ListItem","position":2,"name":"Legals"}]},{"@type":"WebSite","@id":"https:\/\/visit-philippines.fr\/en\/#website","url":"https:\/\/visit-philippines.fr\/en\/","name":"Visit Philippines","description":"Brand of Eliza les Ailes du Voyage","publisher":{"@id":"https:\/\/visit-philippines.fr\/en\/#organization"},"potentialAction":[{"@type":"SearchAction","target":{"@type":"EntryPoint","urlTemplate":"https:\/\/visit-philippines.fr\/en\/?s={search_term_string}"},"query-input":{"@type":"PropertyValueSpecification","valueRequired":true,"valueName":"search_term_string"}}],"inLanguage":"en-US"},{"@type":"Organization","@id":"https:\/\/visit-philippines.fr\/en\/#organization","name":"Visit Philippines","url":"https:\/\/visit-philippines.fr\/en\/","logo":{"@type":"ImageObject","inLanguage":"en-US","@id":"https:\/\/visit-philippines.fr\/en\/#\/schema\/logo\/image\/","url":"https:\/\/visit-philippines.fr\/wp-content\/uploads\/2024\/03\/logo-visit-philippines.svg","contentUrl":"https:\/\/visit-philippines.fr\/wp-content\/uploads\/2024\/03\/logo-visit-philippines.svg","width":1,"height":1,"caption":"Visit Philippines"},"image":{"@id":"https:\/\/visit-philippines.fr\/en\/#\/schema\/logo\/image\/"}}]}},"_links":{"self":[{"href":"https:\/\/visit-philippines.fr\/en\/wp-json\/wp\/v2\/pages\/285967","targetHints":{"allow":["GET"]}}],"collection":[{"href":"https:\/\/visit-philippines.fr\/en\/wp-json\/wp\/v2\/pages"}],"about":[{"href":"https:\/\/visit-philippines.fr\/en\/wp-json\/wp\/v2\/types\/page"}],"author":[{"embeddable":true,"href":"https:\/\/visit-philippines.fr\/en\/wp-json\/wp\/v2\/users\/1"}],"replies":[{"embeddable":true,"href":"https:\/\/visit-philippines.fr\/en\/wp-json\/wp\/v2\/comments?post=285967"}],"version-history":[{"count":2,"href":"https:\/\/visit-philippines.fr\/en\/wp-json\/wp\/v2\/pages\/285967\/revisions"}],"predecessor-version":[{"id":285969,"href":"https:\/\/visit-philippines.fr\/en\/wp-json\/wp\/v2\/pages\/285967\/revisions\/285969"}],"wp:attachment":[{"href":"https:\/\/visit-philippines.fr\/en\/wp-json\/wp\/v2\/media?parent=285967"}],"wp:term":[{"taxonomy":"difl_page_category","embeddable":true,"href":"https:\/\/visit-philippines.fr\/en\/wp-json\/wp\/v2\/difl_page_category?post=285967"}],"curies":[{"name":"wp","href":"https:\/\/api.w.org\/{rel}","templated":true}]}}